{"id":20370,"date":"2025-01-21T10:07:59","date_gmt":"2025-01-21T10:07:59","guid":{"rendered":"https:\/\/napex.studio\/?page_id=20370"},"modified":"2025-01-21T10:19:41","modified_gmt":"2025-01-21T10:19:41","slug":"cookie-policy","status":"publish","type":"page","link":"https:\/\/napex.studio\/en\/cookie-policy\/","title":{"rendered":"Cookie Policy"},"content":{"rendered":"<div data-elementor-type=\"wp-page\" data-elementor-id=\"20370\" class=\"elementor elementor-20370\">\n\t\t\t\t\t\t<section class=\"elementor-section elementor-top-section elementor-element elementor-element-2b1184b0 elementor-section-boxed elementor-section-height-default elementor-section-height-default sc_fly_static\" data-id=\"2b1184b0\" data-element_type=\"section\" data-settings=\"{&quot;background_background&quot;:&quot;classic&quot;}\">\n\t\t\t\t\t\t<div class=\"elementor-container elementor-column-gap-extended\">\n\t\t\t\t\t<div class=\"elementor-column elementor-col-100 elementor-top-column elementor-element elementor-element-153e1c19 sc_content_align_inherit sc_layouts_column_icons_position_left sc_fly_static\" data-id=\"153e1c19\" data-element_type=\"column\">\n\t\t\t<div class=\"elementor-widget-wrap elementor-element-populated\">\n\t\t\t\t\t\t<div class=\"elementor-element elementor-element-54db29de sc_fly_static elementor-widget elementor-widget-text-editor\" data-id=\"54db29de\" data-element_type=\"widget\" data-widget_type=\"text-editor.default\">\n\t\t\t\t<div class=\"elementor-widget-container\">\n\t\t\t\t\t\t\t\t\t<p><strong>Cookie Policy<\/strong><\/p><p>Gentile visitatore, Napex S.r.l. \u00a0in qualit\u00e0 di titolare del trattamento, fornisce di seguito le informazioni relative all\u2019utilizzo dei cookie sul nostro sito web\u00a0<a href=\"https:\/\/napex.studio\/en\/\">https:\/\/napex.studio\/<\/a> \u00a0<\/p><p>Per ulteriori informazioni sul trattamento dei dati a parte di Napex S.r.l., l\u2019utente pu\u00f2 consultare la nostra\u00a0<a href=\"https:\/\/napex.studio\/en\/privacy-policy\/\"><u>Privacy Policy<\/u><\/a>.<\/p><p>I cookie sono stringhe di testo di piccole dimensioni che il Sito invia al terminale dell\u2019utente, dove vengono memorizzati per essere poi ritrasmessi al Sito stesso alla sua successiva visita. I cookie possono essere di prima parte (apposti direttamente dalla Societ\u00e0) o di terze parti. I cookie sono utili perch\u00e9 consentono al Sito di riconoscere il dispositivo dell\u2019utente e consentono di navigare fra le pagine, ricordando le preferenze espresse e migliorando l\u2019esperienza di navigazione degli utenti. In determinati casi alcune tipologie di cookie possono, inoltre, fare in modo che le pubblicit\u00e0 visualizzate online siano pi\u00f9 adeguate all\u2019utente o pertinenti ai suoi interessi o possono raccogliere informazioni utili a valutare e migliorare le prestazioni del Sito e l\u2019efficacia delle campagne e dei servizi offerti Per maggiori informazioni sui cookie, l\u2019utente pu\u00f2\u00a0<a href=\"https:\/\/www.garanteprivacy.it\/temi\/cookie\">cliccare qui<\/a>.<\/p><p>\u00a0<\/p><p><strong>Impostazioni dei browser<\/strong><\/p><p>Modificando le impostazioni del proprio browser, l\u2019utente pu\u00f2 decidere di subordinare l\u2019installazione di qualsiasi tipo di cookie al proprio consenso preventivo o di impedirne completamente l\u2019installazione. Si ricorda che la configurazione di ciascun browser \u00e8 diversa ed \u00e8 descritta nel men\u00f9 \u201cGuida\u201d del browser. Per comprendere come impostare le impostazioni sui cookie, l\u2019utente pu\u00f2 consultare i seguenti link alle pagine di supporto dei pi\u00f9 diffusi browser:<\/p><p><a href=\"https:\/\/support.google.com\/chrome\/answer\/95647?hl=it\">Google Chrome<\/a><\/p><p><a href=\"https:\/\/support.mozilla.org\/it\/kb\/protezione-antitracciamento-avanzata-firefox-desktop?redirectslug=Attivare+e+disattivare+i+cookie&amp;redirectlocale=it\">Mozilla Firefox<\/a><\/p><p><a href=\"https:\/\/support.microsoft.com\/it-it\/windows?ui=it-IT&amp;rs=it-IT&amp;ad=IT\">Internet Explorer<\/a><\/p><p><a href=\"https:\/\/help.opera.com\/en\/latest\/web-preferences\/#cookies\">Opera<\/a><\/p><p><a href=\"https:\/\/support.apple.com\/it-it\/guide\/safari\/sfri11471\/mac\">Safari<\/a><\/p><p><strong>\u00a0<\/strong><\/p><p><strong>Cookie utilizzati dal Sito<\/strong><\/p><p>In conformit\u00e0 con quanto previsto dalla sentenza della Corte di Giustizia dell\u2019Unione Europea C-673\/17 sull\u2019utilizzo di cookie e delle \u201cLinee Guida 05\/2020 sul consenso ai sensi del Regolamento 2016\/679\u201d, adottate dal Comitato europeo per la protezione dei dati, nonch\u00e9 dalle Linee Guida del Garante in materia cookie e altri strumenti di tracciamento del 10 giugno 2021, il consenso all\u2019utilizzo di cookie deve essere prestato in maniera libera, espressa e non ambigua.<\/p><p>Per questo motivo, il Sito attiva l\u2019utilizzo dei cookie, ad eccezione di quelli tecnici necessari e tecnici analytics, solo nel caso in cui l\u2019utente clicchi sul tasto \u201cAccetta Tutti\u201d, incluso nel banner che compare al primo accesso al Sito ovvero nel rispetto delle specifiche scelte espresse, accedendo al Centro Preferenze Privacy, tramite l\u2019opzione \u201cAccetta Selezionati\u201d, messa a disposizione nel banner. L\u2019utente pu\u00f2 anche non esprimere il proprio consenso ai cookie diversi da quelli tecnici necessari e tecnici analytics, continuando a navigare e mantenendo le impostazioni di default cliccando sull\u2019opzione \u201cRifiuta\u201d nel banner.\u00a0<\/p><p>Il Sito utilizza diversi tipi di cookie per finalit\u00e0 diverse. Alcuni cookie potrebbero essere forniti da terze parti esterne per integrare ulteriori funzionalit\u00e0 al nostro Sito come indicato di seguito.<\/p><p>La presente cookie policy elenca, per ogni categoria, i cookie utilizzati e le eventuali terze parti. \u00a0<\/p><p><strong>Elenco dei cookie<\/strong><\/p><p>Un cookie \u00e8 una piccola porzione di dati (file di testo) che un sito Web, se visitato da un utente, chiede al browser di memorizzarlo sul dispositivo per ricordare le sue informazioni, quali la lingua preferita o i dati di accesso. Questi cookie sono da noi impostati e denominati cookie di prima parte. Utilizziamo inoltre cookie di terza parte \u2013 ovvero i cookie di un dominio diverso da quello del sito Web che si sta visitando \u2013 per i nostri tentativi pubblicitari e di marketing. In particolare, utilizziamo i cookie e altre tecnologie di tracciamento per i seguenti scopi:<\/p><p><strong>\u00b7\u00a0\u00a0\u00a0\u00a0\u00a0\u00a0\u00a0 <\/strong><strong>Cookie strettamente necessari<\/strong><\/p><p>Si tratta di cookie che sono essenziali per fornire un servizio sulla base delle richieste dell\u2019utente, ad esempio per effettuare l\u2019autenticazione ed accedere all\u2019 account. Questi cookie sono necessari per il funzionamento del Sito e, pertanto, non richiedono il consenso dell\u2019utente. Se l\u2019utente disabilita questi cookie, modificando le informazioni del browser, non possiamo garantire il funzionamento e le prestazioni del nostro Sito durante la visita.<\/p><p><strong>\u00b7\u00a0\u00a0\u00a0\u00a0\u00a0\u00a0\u00a0 <\/strong><strong>Cookie tecnici analytics<\/strong><\/p><p>Si tratta di cookie che ci permettono di raccogliere informazioni sul numero di visitatori del Sito e su come questi visitano il Sito stesso in modo da poter effettuare analisi statistiche aggregate volte a misurare e migliorare le prestazioni del nostro Sito. Tutte queste informazioni sono raccolte, tramite i cookie, in forma aggregata. Qualora tali cookie siano di terze parti, sono adottate opportune misure di minimizzazione degli indirizzi IP che impediscono di ricondurre le informazioni a un singolo utente e tali terze parti non interconnetteranno i dati con altre elaborazioni o informazioni e non invieranno dati ad ulteriori terze parti. Questi cookie non richiedono il consenso dell\u2019utente, in quanto sono equiparati ai cookie tecnici necessari, come previsto dalle Linee Guida del Garante in materia cookie e altri strumenti di tracciamento del 10 giugno 2021.<\/p><p><strong>\u00b7\u00a0\u00a0\u00a0\u00a0\u00a0\u00a0\u00a0 <\/strong><strong>Cookie di ottimizzazione di funzionalit\u00e0<\/strong><\/p><p>Tali cookie, installati previo consenso dell\u2019utente revocabile in ogni momento, servono per migliorare le prestazioni e la funzionalit\u00e0 del nostro Sito in base alle azioni dell\u2019utente e ad una serie di criteri selezionati. Ad esempio, potremmo personalizzare il contenuto mostrato e ricordare talune preferenze dell\u2019utente).<\/p><p><strong>\u00b7\u00a0\u00a0\u00a0\u00a0\u00a0\u00a0\u00a0 <\/strong><strong>Cookie per pubblicit\u00e0 mirata<\/strong><\/p><p>Si tratta di cookie installati previo consenso dell\u2019utente revocabile in ogni momento, per mostrare pubblicit\u00e0 rilevanti personalizzate in base agli interessi che si desumono dall\u2019attivit\u00e0 di navigazione (ad esempio banner pubblicitari cliccati, sotto-pagine visitate, ricerche effettuate). Questi cookie possono essere impostati tramite il nostro sito dai nostri partner pubblicitari. Questi cookie vengono anche utilizzati per limitare il numero di volte che un utente vede una pubblicit\u00e0 ed aiutano a valutare l\u2019efficacia della campagna pubblicitaria. Possono anche ricordare che il Sito \u00e8 stato visitato da un dispositivo e condividere tali informazioni con le societ\u00e0 di marketing. Se l\u2019utente non presta il consenso a questi cookie, ricever\u00e0 una pubblicit\u00e0 meno mirata.<\/p><p><strong>\u00b7\u00a0\u00a0\u00a0\u00a0\u00a0\u00a0\u00a0 <\/strong><strong>Cookie analitici profilanti<\/strong><\/p><p>Si tratta di cookie installati, previo consenso dell\u2019utente revocabile in ogni momento, per effettuare delle valutazioni rispetto alla sua attivit\u00e0 di navigazione sul Sito, per migliorarne le prestazioni e la progettazione, per verificare l\u2019efficacia di una campagna e per monitorare da quali fonti un utente \u00e8 stato diretto sul nostro Sito in modo da sapere se vale la pena che investiamo in quella specifica fonte di provenienza. Se non si acconsente a questi cookie non potremo valutare l\u2019efficacia delle nostre campagne e delle prestazioni e della progettazione del nostro Sito, rispetto alla specifica attivit\u00e0 di navigazione dell\u2019utente. Inoltre, se l\u2019utente acconsente all\u2019installazione di tali cookies potremo interconnettere i dati raccolti tramiti i cookie analitici profilanti con altri dati che riguardano l\u2019utente e, in particolare, i dati identificativi che ci fornisce riempiendo i form disponibili sul Sito. In tal caso, tratteremo i dati dell\u2019utente, ivi inclusi i dati raccolti sulla sua attivit\u00e0 di navigazione tramite i cookie analitici profilanti, per le finalit\u00e0 e secondo le modalit\u00e0 illustrate nella nostra Privacy Policy.<\/p><p><strong>Modifiche e Aggiornamenti<\/strong><\/p><p>La presente cookie policy \u00e8 valida dalla data di ultimo aggiornamento sotto indicata. La Societ\u00e0 potrebbe inoltre apportare modifiche e\/o integrazioni a detta cookie policy, anche quale conseguenza di eventuali modifiche e\/o integrazioni normative.<\/p><p>Le modifiche saranno notificate in anticipo e l\u2019utente potr\u00e0 visionare il testo della cookie policy costantemente aggiornata alla pagina del Sito\u00a0<a href=\"https:\/\/napex.studio\/en\/\">https:\/\/napex.studio\/<\/a><\/p><p>Qualora le modifiche dovessero riguardare i cookie per i quali \u00e8 richiesto il previo consenso dell\u2019utente, provvederemo a chiedere lo stesso, mostrando nuovamente il banner di consenso sul Sito.<\/p><p>Napex S.r.l. ha provveduto a nominare un Responsabile della protezione dei dati, a norma dell\u2019articolo 37 del Regolamento (UE) n. 2016\/679 (\u201cGDPR\u201d) che \u00e8 disponibile per rispondere alle\u00a0richieste degli utenti su come trattiamo i dati e pu\u00f2 essere contattato presso la sede legale o all\u2019indirizzo email <a href=\"mailto:hello@napex.studio\">hello@napex.studio<\/a><\/p><p><br \/><br \/>Ultimo aggiornamento, 30.12.2024<\/p>\t\t\t\t\t\t\t\t<\/div>\n\t\t\t\t<\/div>\n\t\t\t\t<div class=\"elementor-element elementor-element-411097e sc_fly_static elementor-widget elementor-widget-spacer\" data-id=\"411097e\" data-element_type=\"widget\" data-widget_type=\"spacer.default\">\n\t\t\t\t<div class=\"elementor-widget-container\">\n\t\t\t\t\t\t\t<div class=\"elementor-spacer\">\n\t\t\t<div class=\"elementor-spacer-inner\"><\/div>\n\t\t<\/div>\n\t\t\t\t\t\t<\/div>\n\t\t\t\t<\/div>\n\t\t\t\t\t<\/div>\n\t\t<\/div>\n\t\t\t\t\t<\/div>\n\t\t<\/section>\n\t\t\t\t<\/div>","protected":false},"excerpt":{"rendered":"<p>Cookie Policy Gentile visitatore, Napex S.r.l. \u00a0in qualit\u00e0 di titolare del trattamento, fornisce di seguito le informazioni relative all\u2019utilizzo dei cookie sul nostro sito web\u00a0https:\/\/napex.studio\/ \u00a0 Per ulteriori informazioni sul&hellip;<\/p>","protected":false},"author":1,"featured_media":0,"parent":0,"menu_order":0,"comment_status":"closed","ping_status":"closed","template":"","meta":{"footnotes":""},"class_list":["post-20370","page","type-page","status-publish","hentry"],"yoast_head":"<!-- This site is optimized with the Yoast SEO plugin v26.7 - https:\/\/yoast.com\/wordpress\/plugins\/seo\/ -->\n<title>Cookie Policy - Napex Studio<\/title>\n<meta name=\"robots\" content=\"index, follow, max-snippet:-1, max-image-preview:large, max-video-preview:-1\" \/>\n<link rel=\"canonical\" href=\"https:\/\/napex.studio\/en\/cookie-policy\/\" \/>\n<meta property=\"og:locale\" content=\"en_GB\" \/>\n<meta property=\"og:type\" content=\"article\" \/>\n<meta property=\"og:title\" content=\"Cookie Policy - Napex Studio\" \/>\n<meta property=\"og:description\" content=\"Cookie Policy Gentile visitatore, Napex S.r.l. \u00a0in qualit\u00e0 di titolare del trattamento, fornisce di seguito le informazioni relative all\u2019utilizzo dei cookie sul nostro sito web\u00a0https:\/\/napex.studio\/ \u00a0 Per ulteriori informazioni sul&hellip;\" \/>\n<meta property=\"og:url\" content=\"https:\/\/napex.studio\/en\/cookie-policy\/\" \/>\n<meta property=\"og:site_name\" content=\"Napex Studio\" \/>\n<meta property=\"article:modified_time\" content=\"2025-01-21T10:19:41+00:00\" \/>\n<meta name=\"twitter:card\" content=\"summary_large_image\" \/>\n<meta name=\"twitter:label1\" content=\"Estimated reading time\" \/>\n\t<meta name=\"twitter:data1\" content=\"6 minutes\" \/>\n<script type=\"application\/ld+json\" class=\"yoast-schema-graph\">{\"@context\":\"https:\/\/schema.org\",\"@graph\":[{\"@type\":\"WebPage\",\"@id\":\"https:\/\/napex.studio\/cookie-policy\/\",\"url\":\"https:\/\/napex.studio\/cookie-policy\/\",\"name\":\"Cookie Policy - Napex Studio\",\"isPartOf\":{\"@id\":\"https:\/\/napex.studio\/#website\"},\"datePublished\":\"2025-01-21T10:07:59+00:00\",\"dateModified\":\"2025-01-21T10:19:41+00:00\",\"breadcrumb\":{\"@id\":\"https:\/\/napex.studio\/cookie-policy\/#breadcrumb\"},\"inLanguage\":\"en-GB\",\"potentialAction\":[{\"@type\":\"ReadAction\",\"target\":[\"https:\/\/napex.studio\/cookie-policy\/\"]}]},{\"@type\":\"BreadcrumbList\",\"@id\":\"https:\/\/napex.studio\/cookie-policy\/#breadcrumb\",\"itemListElement\":[{\"@type\":\"ListItem\",\"position\":1,\"name\":\"Home\",\"item\":\"https:\/\/napex.studio\/\"},{\"@type\":\"ListItem\",\"position\":2,\"name\":\"Cookie Policy\"}]},{\"@type\":\"WebSite\",\"@id\":\"https:\/\/napex.studio\/#website\",\"url\":\"https:\/\/napex.studio\/\",\"name\":\"Napex Studio\",\"description\":\"\",\"publisher\":{\"@id\":\"https:\/\/napex.studio\/#organization\"},\"potentialAction\":[{\"@type\":\"SearchAction\",\"target\":{\"@type\":\"EntryPoint\",\"urlTemplate\":\"https:\/\/napex.studio\/?s={search_term_string}\"},\"query-input\":{\"@type\":\"PropertyValueSpecification\",\"valueRequired\":true,\"valueName\":\"search_term_string\"}}],\"inLanguage\":\"en-GB\"},{\"@type\":\"Organization\",\"@id\":\"https:\/\/napex.studio\/#organization\",\"name\":\"Napex Studio\",\"url\":\"https:\/\/napex.studio\/\",\"logo\":{\"@type\":\"ImageObject\",\"inLanguage\":\"en-GB\",\"@id\":\"https:\/\/napex.studio\/#\/schema\/logo\/image\/\",\"url\":\"https:\/\/napex.studio\/wp-content\/uploads\/2025\/01\/logo_napex_studio_01_white.png\",\"contentUrl\":\"https:\/\/napex.studio\/wp-content\/uploads\/2025\/01\/logo_napex_studio_01_white.png\",\"width\":800,\"height\":158,\"caption\":\"Napex Studio\"},\"image\":{\"@id\":\"https:\/\/napex.studio\/#\/schema\/logo\/image\/\"}}]}<\/script>\n<!-- \/ Yoast SEO plugin. -->","yoast_head_json":{"title":"Cookie Policy - Napex Studio","robots":{"index":"index","follow":"follow","max-snippet":"max-snippet:-1","max-image-preview":"max-image-preview:large","max-video-preview":"max-video-preview:-1"},"canonical":"https:\/\/napex.studio\/en\/cookie-policy\/","og_locale":"en_GB","og_type":"article","og_title":"Cookie Policy - Napex Studio","og_description":"Cookie Policy Gentile visitatore, Napex S.r.l. \u00a0in qualit\u00e0 di titolare del trattamento, fornisce di seguito le informazioni relative all\u2019utilizzo dei cookie sul nostro sito web\u00a0https:\/\/napex.studio\/ \u00a0 Per ulteriori informazioni sul&hellip;","og_url":"https:\/\/napex.studio\/en\/cookie-policy\/","og_site_name":"Napex Studio","article_modified_time":"2025-01-21T10:19:41+00:00","twitter_card":"summary_large_image","twitter_misc":{"Estimated reading time":"6 minutes"},"schema":{"@context":"https:\/\/schema.org","@graph":[{"@type":"WebPage","@id":"https:\/\/napex.studio\/cookie-policy\/","url":"https:\/\/napex.studio\/cookie-policy\/","name":"Cookie Policy - Napex Studio","isPartOf":{"@id":"https:\/\/napex.studio\/#website"},"datePublished":"2025-01-21T10:07:59+00:00","dateModified":"2025-01-21T10:19:41+00:00","breadcrumb":{"@id":"https:\/\/napex.studio\/cookie-policy\/#breadcrumb"},"inLanguage":"en-GB","potentialAction":[{"@type":"ReadAction","target":["https:\/\/napex.studio\/cookie-policy\/"]}]},{"@type":"BreadcrumbList","@id":"https:\/\/napex.studio\/cookie-policy\/#breadcrumb","itemListElement":[{"@type":"ListItem","position":1,"name":"Home","item":"https:\/\/napex.studio\/"},{"@type":"ListItem","position":2,"name":"Cookie Policy"}]},{"@type":"WebSite","@id":"https:\/\/napex.studio\/#website","url":"https:\/\/napex.studio\/","name":"Napex Studio","description":"","publisher":{"@id":"https:\/\/napex.studio\/#organization"},"potentialAction":[{"@type":"SearchAction","target":{"@type":"EntryPoint","urlTemplate":"https:\/\/napex.studio\/?s={search_term_string}"},"query-input":{"@type":"PropertyValueSpecification","valueRequired":true,"valueName":"search_term_string"}}],"inLanguage":"en-GB"},{"@type":"Organization","@id":"https:\/\/napex.studio\/#organization","name":"Napex Studio","url":"https:\/\/napex.studio\/","logo":{"@type":"ImageObject","inLanguage":"en-GB","@id":"https:\/\/napex.studio\/#\/schema\/logo\/image\/","url":"https:\/\/napex.studio\/wp-content\/uploads\/2025\/01\/logo_napex_studio_01_white.png","contentUrl":"https:\/\/napex.studio\/wp-content\/uploads\/2025\/01\/logo_napex_studio_01_white.png","width":800,"height":158,"caption":"Napex Studio"},"image":{"@id":"https:\/\/napex.studio\/#\/schema\/logo\/image\/"}}]}},"_links":{"self":[{"href":"https:\/\/napex.studio\/en\/wp-json\/wp\/v2\/pages\/20370","targetHints":{"allow":["GET"]}}],"collection":[{"href":"https:\/\/napex.studio\/en\/wp-json\/wp\/v2\/pages"}],"about":[{"href":"https:\/\/napex.studio\/en\/wp-json\/wp\/v2\/types\/page"}],"author":[{"embeddable":true,"href":"https:\/\/napex.studio\/en\/wp-json\/wp\/v2\/users\/1"}],"replies":[{"embeddable":true,"href":"https:\/\/napex.studio\/en\/wp-json\/wp\/v2\/comments?post=20370"}],"version-history":[{"count":4,"href":"https:\/\/napex.studio\/en\/wp-json\/wp\/v2\/pages\/20370\/revisions"}],"predecessor-version":[{"id":20377,"href":"https:\/\/napex.studio\/en\/wp-json\/wp\/v2\/pages\/20370\/revisions\/20377"}],"wp:attachment":[{"href":"https:\/\/napex.studio\/en\/wp-json\/wp\/v2\/media?parent=20370"}],"curies":[{"name":"wp","href":"https:\/\/api.w.org\/{rel}","templated":true}]}}