{"id":20381,"date":"2025-01-21T10:33:00","date_gmt":"2025-01-21T10:33:00","guid":{"rendered":"https:\/\/napex.studio\/?page_id=20381"},"modified":"2025-01-21T10:39:29","modified_gmt":"2025-01-21T10:39:29","slug":"termini-di-utilizzo","status":"publish","type":"page","link":"https:\/\/napex.studio\/en\/termini-di-utilizzo\/","title":{"rendered":"Termini di Utilizzo"},"content":{"rendered":"<div data-elementor-type=\"wp-page\" data-elementor-id=\"20381\" class=\"elementor elementor-20381\">\n\t\t\t\t\t\t<section class=\"elementor-section elementor-top-section elementor-element elementor-element-2b1184b0 elementor-section-boxed elementor-section-height-default elementor-section-height-default sc_fly_static\" data-id=\"2b1184b0\" data-element_type=\"section\" data-settings=\"{&quot;background_background&quot;:&quot;classic&quot;}\">\n\t\t\t\t\t\t<div class=\"elementor-container elementor-column-gap-extended\">\n\t\t\t\t\t<div class=\"elementor-column elementor-col-100 elementor-top-column elementor-element elementor-element-153e1c19 sc_content_align_inherit sc_layouts_column_icons_position_left sc_fly_static\" data-id=\"153e1c19\" data-element_type=\"column\">\n\t\t\t<div class=\"elementor-widget-wrap elementor-element-populated\">\n\t\t\t\t\t\t<div class=\"elementor-element elementor-element-54db29de sc_fly_static elementor-widget elementor-widget-text-editor\" data-id=\"54db29de\" data-element_type=\"widget\" data-widget_type=\"text-editor.default\">\n\t\t\t\t<div class=\"elementor-widget-container\">\n\t\t\t\t\t\t\t\t\t<p>\u00a0<\/p><p><strong>TERMINI DI UTILIZZO<\/strong><\/p><p>ULTIMO AGGIORNAMENTO: 30\/12\/2024<\/p><p>QUESTO AVVISO LEGALE E I TERMINI DI UTILIZZO SI APPLICANO ALLA TUA NAVIGAZIONE SUL SITO WEB <a href=\"https:\/\/napex.studio\/en\/\">HTTPS:\/\/WWW.NAPEX.STUDIO<\/a> (DI SEGUITO DENOMINATO &#8220;SITO&#8221;).<\/p><ol><li><strong> INFORMAZIONI DI CONTATTO<\/strong><\/li><\/ol><p>IL SITO <a href=\"https:\/\/napex.studio\/en\/\">HTTPS:\/\/WWW.NAPEX.STUDIO<\/a> \u00c8 PUBBLICATO DA NAPEX SRL S.R.L., UNA STARTUP INNOVATIVA CON UN CAPITALE SOCIALE INTERAMENTE VERSATO (I.V.) DI 10.000 EURO, REGISTRATA PRESSO IL REGISTRO DELLE IMPRESE DI NAPOLI CON IL NUMERO R.E.A. NA-1115237, CON SEDE LEGALE IN VIA SAN FRANCESCO DI PAOLA,78 80058 TORRE ANNUNZIATA (NA); PARTITA IVA N. IT10554581214, EMAIL: <a href=\"mailto:hello@napex.studio\">HELLO@NAPEX.STUDIO<\/a><\/p><p>\u00a0<\/p><p>IL GESTORE E DIRETTORE CREATIVO DI NAPEX \u00c8 MARIO AMURA.<\/p><p>IL SITO WEB \u00c8 OSPITATO DA HOSTINGER UK LIMITED, LA CUI SEDE LEGALE SI TROVA PRESSO NWMS CENTER, 31 SOUTHAMPTON ROW, UFFICIO 3.11, TERZO PIANO, LONDRA, INGHILTERRA, WC1B 5HJ.<\/p><p>L&#8217;ACCESSO AL SITO E L&#8217;USO DEI SUOI CONTENUTI SONO SOGGETTI AI TERMINI DI UTILIZZO DESCRITTI DI SEGUITO. RICONOSCI DI AVER LETTO, COMPRESO ED ACCETTATO QUESTI TERMINI DI UTILIZZO, SENZA RISERVE.<\/p><p>L&#8217;ACCESSO E LA NAVIGAZIONE SUL SITO COSTITUISCONO L&#8217;ACCETTAZIONE DA PARTE DELL&#8217;UTENTE DELLE SEGUENTI INFORMAZIONI SENZA RISERVE.<\/p><ol start=\"2\"><li><strong> PROPRIET\u00c0 INTELLETTUALE<\/strong><\/li><\/ol><ul><li><strong>PROPRIET\u00c0<\/strong><\/li><\/ul><p>NAPEX.STUDIO \u00c8 IL PROPRIETARIO DEL NOME DI DOMINIO DEL SITO.<\/p><p>IL SITO NEL SUO COMPLESSO, COS\u00cc COME I SUOI ELEMENTI COSTITUTIVI (IN PARTICOLARE TESTI, SCHEMI, SOFTWARE, ANIMAZIONI, FOTOGRAFIE, VIDEO, ILLUSTRAZIONI, DIAGRAMMI, RAPPRESENTAZIONI GRAFICHE, LOGHI, ECC.) COSTITUISCONO OPERE INTELLETTUALI PROTETTE DALLA LEGGE ITALIANA N. 633 DEL 22 APRILE 1941. IL SITO E I SUOI ELEMENTI COSTITUTIVI SONO DI PROPRIET\u00c0 ESCLUSIVA DI NAPEX, CHE HA L&#8217;AUTORIZZAZIONE ESCLUSIVA PER UTILIZZARE I DIRITTI DI PROPRIET\u00c0 INTELLETTUALE E I DIRITTI CONNESSI ALLA PERSONALIT\u00c0.<\/p><p>PUOI EFFETTUARE UNA COPIA SINGOLA DELLE PAGINE WEB PUBBLICATE SUL SITO NAPEX.STUDIO PER USO PRIVATO, PERSONALE E NON COMMERCIALE, A CONDIZIONE CHE OGNI COPIA DI TALI PAGINE WEB CONSERVI TUTTI I DIRITTI D&#8217;AUTORE E I DIRITTI ESCLUSIVI IN ESSE CONTENUTI.<\/p><ul><li><strong>SANZIONI<\/strong><\/li><\/ul><p>L&#8217;USO DI TUTTO O PARTE DEL SITO, COMPRESA LA SUA COPIA, RIPRODUZIONE, TRASMISSIONE, RAPPRESENTAZIONE O DISTRIBUZIONE PER SCOPI DIVERSI DALL&#8217;USO PERSONALE E PRIVATO E NON COMMERCIALE DA PARTE DELL&#8217;UTENTE \u00c8 STRETTAMENTE VIETATO. LA VIOLAZIONE DEI DIRITTI DI NAPEX S.R.L. ESPONE L&#8217;AUTORE A SANZIONI PREVISTE DAL CODICE DELLA PROPRIET\u00c0 INTELLETTUALE, IN PARTICOLARE PER QUANTO RIGUARDA LA VIOLAZIONE DEL COPYRIGHT (ARTICOLO L. 171, 171 BIS, 171 TER-1 L. 22 APRILE 1941, N. 633 E SEGUENTI).<\/p><ol start=\"3\"><li><strong> COLLEGAMENTI IPERTESTUALI (HYPERLINKS)<\/strong><\/li><\/ol><p>LA CREAZIONE DI COLLEGAMENTI IPERTESTUALI A QUALSIASI PAGINA WEB O ELEMENTO COSTITUENTE IL SITO \u00c8 VIETATA, SALVO AUTORIZZAZIONE SCRITTA PREVENTIVA DI NAPEX, CHE PU\u00d2 ESSERE REVOCATA IN QUALSIASI MOMENTO. TUTTI I SITI CON UN COLLEGAMENTO IPERTESTUALE AL SITO O A UNO DEI SUOI ELEMENTI COSTITUTIVI NON SONO SOTTO IL CONTROLLO DI NAPEX, CHE QUINDI DECLINA OGNI RESPONSABILIT\u00c0 (COMPRESA QUELLA EDITORIALE) RIGUARDO ALL&#8217;ACCESSO E AL CONTENUTO DI TALI SITI.<\/p><ol start=\"4\"><li><strong> RESPONSABILIT\u00c0<\/strong><\/li><\/ol><p>NAPEX SI IMPEGNA A GARANTIRE, NELLA MISURA DEL POSSIBILE, L&#8217;ACCURATEZZA E L&#8217;AGGIORNAMENTO DELLE INFORMAZIONI PRESENTI SUL SITO. SI RISERVA IL DIRITTO DI CORREGGERE IL CONTENUTO DEL SITO IN QUALSIASI MOMENTO E SENZA PREAVVISO. TUTTAVIA, NAPEX NON PU\u00d2 GARANTIRE L&#8217;ACCURATEZZA, LA PRECISIONE E LA COMPLETEZZA DELLE INFORMAZIONI FORNITE SUL SITO, E TALI INFORMAZIONI NON COSTITUISCONO UNA GARANZIA O UN IMPEGNO DA PARTE DI NAPEX NEI CONFRONTI DELL&#8217;UTENTE. IN PARTICOLARE, NAPEX NON PU\u00d2 ESSERE RITENUTA RESPONSABILE PER:<\/p><ul><li>EVENTUALI IMPRECISIONI, INESATTEZZE O OMISSIONI RELATIVE ALLE INFORMAZIONI DISPONIBILI SUL SITO;<\/li><li>EVENTUALI DANNI DERIVANTI DA INTRUSIONI DI TERZE PARTI NEL SISTEMA INFORMATICO CHE COMPORTINO UNA MODIFICA DELLE INFORMAZIONI DISPONIBILI SUL SITO;<\/li><li>E, IN GENERALE, QUALSIASI DANNO, DIRETTO O INDIRETTO, INDIPENDENTEMENTE DALLE CAUSE, ORIGINI, NATURA E CONSEGUENZE, CAUSATO DA CHIUNQUE ACCEDA AL SITO O NON VI ACCEDA, NONCH\u00c9 DALL&#8217;USO DEL SITO E\/O DAL CREDITO ATTRIBUITO A QUALSIASI INFORMAZIONE OTTENUTA DIRETTAMENTE O INDIRETTAMENTE DAL SITO.<\/li><\/ul><p>NAPEX ADOTTA MISURE PER GARANTIRE LA SICUREZZA DEI FILE CONTENENTI I DATI PERSONALI RACCOLTI SUL SITO. TUTTAVIA, NAPEX NON CONTROLLA I RISCHI LEGATI AL FUNZIONAMENTO DI INTERNET E CHIEDE AGLI UTENTI DI CONSIDERARE L&#8217;ESISTENZA DI POTENZIALI RISCHI PER LA RISERVATEZZA DEI DATI CONDIVISI TRAMITE QUESTA RETE.<\/p><ol start=\"5\"><li><strong> MODIFICHE DEI TERMINI<\/strong><\/li><\/ol><p>NAPEX DESIDERA INFORMARE GLI UTENTI CHE VISITANO IL SITO CHE QUESTI TERMINI POSSONO ESSERE MODIFICATI IN QUALSIASI MOMENTO. QUESTE MODIFICHE SONO PUBBLICATE ONLINE E SONO CONSIDERATE ACCETTATE SENZA RISERVE DA PARTE DI QUALSIASI UTENTE CHE ACCEDE AL SITO DOPO CHE SONO STATE PUBBLICATE ONLINE.<\/p><ol start=\"6\"><li><strong> CONTROVERSIE<\/strong><\/li><\/ol><p>QUESTI TERMINI SONO STATI REDATTI IN CONFORMIT\u00c0 ALLA LEGGE ITALIANA. GLI ORGANI GIURISDIZIONALI ITALIANI HANNO COMPETENZA TERRITORIALE PER DIRIMERE QUALSIASI CONTROVERSIA LEGATA ALL&#8217;USO DEL SITO, SALVO DIVERSAMENTE PREVISTO DAL REGOLAMENTO N. 44\/2001 DEL 20 DICEMBRE 2000 SULLA GIURISDIZIONE, IL RICONOSCIMENTO E L&#8217;ESECUZIONE DELLE DECISIONI IN MATERIA CIVILE E COMMERCIALE (BRUXELLES I).<\/p><p>PER QUALSIASI DOMANDA CHE L&#8217;UTENTE POSSA AVERE SULL&#8217;USO DEL SITO E\/O SU QUESTI TERMINI, O PER QUALSIASI RICHIESTA CHE DESIDERINO INVIARE A NAPEX, POSSONO INVIARE UNA E-MAIL ALL&#8217;INDIRIZZO SEGUENTE: <a href=\"mailto:HELLO@NAPEX.STUDIO\">HELLO@NAPEX.STUDIO<\/a><\/p>\t\t\t\t\t\t\t\t<\/div>\n\t\t\t\t<\/div>\n\t\t\t\t<div class=\"elementor-element elementor-element-411097e sc_fly_static elementor-widget elementor-widget-spacer\" data-id=\"411097e\" data-element_type=\"widget\" data-widget_type=\"spacer.default\">\n\t\t\t\t<div class=\"elementor-widget-container\">\n\t\t\t\t\t\t\t<div class=\"elementor-spacer\">\n\t\t\t<div class=\"elementor-spacer-inner\"><\/div>\n\t\t<\/div>\n\t\t\t\t\t\t<\/div>\n\t\t\t\t<\/div>\n\t\t\t\t\t<\/div>\n\t\t<\/div>\n\t\t\t\t\t<\/div>\n\t\t<\/section>\n\t\t\t\t<\/div>","protected":false},"excerpt":{"rendered":"<p>\u00a0 TERMINI DI UTILIZZO ULTIMO AGGIORNAMENTO: 30\/12\/2024 QUESTO AVVISO LEGALE E I TERMINI DI UTILIZZO SI APPLICANO ALLA TUA NAVIGAZIONE SUL SITO WEB HTTPS:\/\/WWW.NAPEX.STUDIO (DI SEGUITO DENOMINATO &#8220;SITO&#8221;). INFORMAZIONI DI&hellip;<\/p>","protected":false},"author":1,"featured_media":0,"parent":0,"menu_order":0,"comment_status":"closed","ping_status":"closed","template":"","meta":{"footnotes":""},"class_list":["post-20381","page","type-page","status-publish","hentry"],"yoast_head":"<!-- This site is optimized with the Yoast SEO plugin v26.7 - https:\/\/yoast.com\/wordpress\/plugins\/seo\/ -->\n<title>Termini di Utilizzo - Napex Studio<\/title>\n<meta name=\"robots\" content=\"index, follow, max-snippet:-1, max-image-preview:large, max-video-preview:-1\" \/>\n<link rel=\"canonical\" href=\"https:\/\/napex.studio\/en\/termini-di-utilizzo\/\" \/>\n<meta property=\"og:locale\" content=\"en_GB\" \/>\n<meta property=\"og:type\" content=\"article\" \/>\n<meta property=\"og:title\" content=\"Termini di Utilizzo - Napex Studio\" \/>\n<meta property=\"og:description\" content=\"\u00a0 TERMINI DI UTILIZZO ULTIMO AGGIORNAMENTO: 30\/12\/2024 QUESTO AVVISO LEGALE E I TERMINI DI UTILIZZO SI APPLICANO ALLA TUA NAVIGAZIONE SUL SITO WEB HTTPS:\/\/WWW.NAPEX.STUDIO (DI SEGUITO DENOMINATO &#8220;SITO&#8221;). INFORMAZIONI DI&hellip;\" \/>\n<meta property=\"og:url\" content=\"https:\/\/napex.studio\/en\/termini-di-utilizzo\/\" \/>\n<meta property=\"og:site_name\" content=\"Napex Studio\" \/>\n<meta property=\"article:modified_time\" content=\"2025-01-21T10:39:29+00:00\" \/>\n<meta name=\"twitter:card\" content=\"summary_large_image\" \/>\n<meta name=\"twitter:label1\" content=\"Estimated reading time\" \/>\n\t<meta name=\"twitter:data1\" content=\"4 minutes\" \/>\n<script type=\"application\/ld+json\" class=\"yoast-schema-graph\">{\"@context\":\"https:\/\/schema.org\",\"@graph\":[{\"@type\":\"WebPage\",\"@id\":\"https:\/\/napex.studio\/termini-di-utilizzo\/\",\"url\":\"https:\/\/napex.studio\/termini-di-utilizzo\/\",\"name\":\"Termini di Utilizzo - Napex Studio\",\"isPartOf\":{\"@id\":\"https:\/\/napex.studio\/#website\"},\"datePublished\":\"2025-01-21T10:33:00+00:00\",\"dateModified\":\"2025-01-21T10:39:29+00:00\",\"breadcrumb\":{\"@id\":\"https:\/\/napex.studio\/termini-di-utilizzo\/#breadcrumb\"},\"inLanguage\":\"en-GB\",\"potentialAction\":[{\"@type\":\"ReadAction\",\"target\":[\"https:\/\/napex.studio\/termini-di-utilizzo\/\"]}]},{\"@type\":\"BreadcrumbList\",\"@id\":\"https:\/\/napex.studio\/termini-di-utilizzo\/#breadcrumb\",\"itemListElement\":[{\"@type\":\"ListItem\",\"position\":1,\"name\":\"Home\",\"item\":\"https:\/\/napex.studio\/\"},{\"@type\":\"ListItem\",\"position\":2,\"name\":\"Termini di Utilizzo\"}]},{\"@type\":\"WebSite\",\"@id\":\"https:\/\/napex.studio\/#website\",\"url\":\"https:\/\/napex.studio\/\",\"name\":\"Napex Studio\",\"description\":\"\",\"publisher\":{\"@id\":\"https:\/\/napex.studio\/#organization\"},\"potentialAction\":[{\"@type\":\"SearchAction\",\"target\":{\"@type\":\"EntryPoint\",\"urlTemplate\":\"https:\/\/napex.studio\/?s={search_term_string}\"},\"query-input\":{\"@type\":\"PropertyValueSpecification\",\"valueRequired\":true,\"valueName\":\"search_term_string\"}}],\"inLanguage\":\"en-GB\"},{\"@type\":\"Organization\",\"@id\":\"https:\/\/napex.studio\/#organization\",\"name\":\"Napex Studio\",\"url\":\"https:\/\/napex.studio\/\",\"logo\":{\"@type\":\"ImageObject\",\"inLanguage\":\"en-GB\",\"@id\":\"https:\/\/napex.studio\/#\/schema\/logo\/image\/\",\"url\":\"https:\/\/napex.studio\/wp-content\/uploads\/2025\/01\/logo_napex_studio_01_white.png\",\"contentUrl\":\"https:\/\/napex.studio\/wp-content\/uploads\/2025\/01\/logo_napex_studio_01_white.png\",\"width\":800,\"height\":158,\"caption\":\"Napex Studio\"},\"image\":{\"@id\":\"https:\/\/napex.studio\/#\/schema\/logo\/image\/\"}}]}<\/script>\n<!-- \/ Yoast SEO plugin. -->","yoast_head_json":{"title":"Termini di Utilizzo - Napex Studio","robots":{"index":"index","follow":"follow","max-snippet":"max-snippet:-1","max-image-preview":"max-image-preview:large","max-video-preview":"max-video-preview:-1"},"canonical":"https:\/\/napex.studio\/en\/termini-di-utilizzo\/","og_locale":"en_GB","og_type":"article","og_title":"Termini di Utilizzo - Napex Studio","og_description":"\u00a0 TERMINI DI UTILIZZO ULTIMO AGGIORNAMENTO: 30\/12\/2024 QUESTO AVVISO LEGALE E I TERMINI DI UTILIZZO SI APPLICANO ALLA TUA NAVIGAZIONE SUL SITO WEB HTTPS:\/\/WWW.NAPEX.STUDIO (DI SEGUITO DENOMINATO &#8220;SITO&#8221;). INFORMAZIONI DI&hellip;","og_url":"https:\/\/napex.studio\/en\/termini-di-utilizzo\/","og_site_name":"Napex Studio","article_modified_time":"2025-01-21T10:39:29+00:00","twitter_card":"summary_large_image","twitter_misc":{"Estimated reading time":"4 minutes"},"schema":{"@context":"https:\/\/schema.org","@graph":[{"@type":"WebPage","@id":"https:\/\/napex.studio\/termini-di-utilizzo\/","url":"https:\/\/napex.studio\/termini-di-utilizzo\/","name":"Termini di Utilizzo - Napex Studio","isPartOf":{"@id":"https:\/\/napex.studio\/#website"},"datePublished":"2025-01-21T10:33:00+00:00","dateModified":"2025-01-21T10:39:29+00:00","breadcrumb":{"@id":"https:\/\/napex.studio\/termini-di-utilizzo\/#breadcrumb"},"inLanguage":"en-GB","potentialAction":[{"@type":"ReadAction","target":["https:\/\/napex.studio\/termini-di-utilizzo\/"]}]},{"@type":"BreadcrumbList","@id":"https:\/\/napex.studio\/termini-di-utilizzo\/#breadcrumb","itemListElement":[{"@type":"ListItem","position":1,"name":"Home","item":"https:\/\/napex.studio\/"},{"@type":"ListItem","position":2,"name":"Termini di Utilizzo"}]},{"@type":"WebSite","@id":"https:\/\/napex.studio\/#website","url":"https:\/\/napex.studio\/","name":"Napex Studio","description":"","publisher":{"@id":"https:\/\/napex.studio\/#organization"},"potentialAction":[{"@type":"SearchAction","target":{"@type":"EntryPoint","urlTemplate":"https:\/\/napex.studio\/?s={search_term_string}"},"query-input":{"@type":"PropertyValueSpecification","valueRequired":true,"valueName":"search_term_string"}}],"inLanguage":"en-GB"},{"@type":"Organization","@id":"https:\/\/napex.studio\/#organization","name":"Napex Studio","url":"https:\/\/napex.studio\/","logo":{"@type":"ImageObject","inLanguage":"en-GB","@id":"https:\/\/napex.studio\/#\/schema\/logo\/image\/","url":"https:\/\/napex.studio\/wp-content\/uploads\/2025\/01\/logo_napex_studio_01_white.png","contentUrl":"https:\/\/napex.studio\/wp-content\/uploads\/2025\/01\/logo_napex_studio_01_white.png","width":800,"height":158,"caption":"Napex Studio"},"image":{"@id":"https:\/\/napex.studio\/#\/schema\/logo\/image\/"}}]}},"_links":{"self":[{"href":"https:\/\/napex.studio\/en\/wp-json\/wp\/v2\/pages\/20381","targetHints":{"allow":["GET"]}}],"collection":[{"href":"https:\/\/napex.studio\/en\/wp-json\/wp\/v2\/pages"}],"about":[{"href":"https:\/\/napex.studio\/en\/wp-json\/wp\/v2\/types\/page"}],"author":[{"embeddable":true,"href":"https:\/\/napex.studio\/en\/wp-json\/wp\/v2\/users\/1"}],"replies":[{"embeddable":true,"href":"https:\/\/napex.studio\/en\/wp-json\/wp\/v2\/comments?post=20381"}],"version-history":[{"count":4,"href":"https:\/\/napex.studio\/en\/wp-json\/wp\/v2\/pages\/20381\/revisions"}],"predecessor-version":[{"id":20386,"href":"https:\/\/napex.studio\/en\/wp-json\/wp\/v2\/pages\/20381\/revisions\/20386"}],"wp:attachment":[{"href":"https:\/\/napex.studio\/en\/wp-json\/wp\/v2\/media?parent=20381"}],"curies":[{"name":"wp","href":"https:\/\/api.w.org\/{rel}","templated":true}]}}